{"id":2164,"date":"2020-07-20T03:30:40","date_gmt":"2020-07-20T03:30:40","guid":{"rendered":"https:\/\/smartdata.tonytemplates.com\/electrician-v2demo3\/?page_id=2164"},"modified":"2024-03-22T21:39:08","modified_gmt":"2024-03-22T20:39:08","slug":"about-us","status":"publish","type":"page","link":"https:\/\/dnspowerelec.com\/?page_id=2164","title":{"rendered":"A Propos"},"content":{"rendered":"\t\t<div data-elementor-type=\"wp-page\" data-elementor-id=\"2164\" class=\"elementor elementor-2164\">\n\t\t\t\t\t\t<section class=\"elementor-section elementor-top-section elementor-element elementor-element-549f48d elementor-section-stretched elementor-section-full_width elementor-section-height-default elementor-section-height-default\" data-id=\"549f48d\" data-element_type=\"section\" data-settings=\"{&quot;stretch_section&quot;:&quot;section-stretched&quot;}\">\n\t\t\t\t\t\t<div class=\"elementor-container elementor-column-gap-no\">\n\t\t\t\t\t<div class=\"elementor-column elementor-col-100 elementor-top-column elementor-element elementor-element-b109902\" data-id=\"b109902\" data-element_type=\"column\">\n\t\t\t<div class=\"elementor-widget-wrap elementor-element-populated\">\n\t\t\t\t\t\t<div class=\"elementor-element elementor-element-1a7013f elementor-widget elementor-widget-electrician_about_two\" data-id=\"1a7013f\" data-element_type=\"widget\" data-widget_type=\"electrician_about_two.default\">\n\t\t\t\t<div class=\"elementor-widget-container\">\n\t\t\t\t\t \n\t\t<div class=\"section-indent\">\n\t<div class=\"container container-lg-fluid\">\n\t\t<div class=\"layout01 layout01__img-more\">\n\t\t\t<div class=\"layout01__img\">\n\t\t\t\t<div class=\"tt-img-main\">\n\t\t\t<img fetchpriority=\"high\" decoding=\"async\" width=\"2048\" height=\"1432\" src=\"https:\/\/dnspowerelec.com\/wp-content\/uploads\/2024\/02\/MG_0269_result.webp\" class=\"attachment-full size-full\" alt=\"\" srcset=\"https:\/\/dnspowerelec.com\/wp-content\/uploads\/2024\/02\/MG_0269_result.webp 2048w, https:\/\/dnspowerelec.com\/wp-content\/uploads\/2024\/02\/MG_0269_result-300x210.webp 300w, https:\/\/dnspowerelec.com\/wp-content\/uploads\/2024\/02\/MG_0269_result-1024x716.webp 1024w, https:\/\/dnspowerelec.com\/wp-content\/uploads\/2024\/02\/MG_0269_result-768x537.webp 768w, https:\/\/dnspowerelec.com\/wp-content\/uploads\/2024\/02\/MG_0269_result-1536x1074.webp 1536w, https:\/\/dnspowerelec.com\/wp-content\/uploads\/2024\/02\/MG_0269_result-702x491.webp 702w\" sizes=\"(max-width: 2048px) 100vw, 2048px\" \/>\t\t\t\t<\/div>\n\t\t\t\t<div class=\"tt-img-more left-bottom\">\n\t\t\t<img decoding=\"async\" width=\"1400\" height=\"788\" src=\"https:\/\/dnspowerelec.com\/wp-content\/uploads\/2024\/02\/csm_CPC-100-gallery-2_fe15df243f_result.webp\" class=\"attachment-full size-full\" alt=\"\" srcset=\"https:\/\/dnspowerelec.com\/wp-content\/uploads\/2024\/02\/csm_CPC-100-gallery-2_fe15df243f_result.webp 1400w, https:\/\/dnspowerelec.com\/wp-content\/uploads\/2024\/02\/csm_CPC-100-gallery-2_fe15df243f_result-300x169.webp 300w, https:\/\/dnspowerelec.com\/wp-content\/uploads\/2024\/02\/csm_CPC-100-gallery-2_fe15df243f_result-1024x576.webp 1024w, https:\/\/dnspowerelec.com\/wp-content\/uploads\/2024\/02\/csm_CPC-100-gallery-2_fe15df243f_result-768x432.webp 768w, https:\/\/dnspowerelec.com\/wp-content\/uploads\/2024\/02\/csm_CPC-100-gallery-2_fe15df243f_result-847x477.webp 847w\" sizes=\"(max-width: 1400px) 100vw, 1400px\" \/>\t\t\t\t<\/div>\n\t\t\t<\/div>\n\t\t\t<div class=\"layout01__content\">\n\t\t\t\t<div class=\"layout01__content-wrapper\">\n\t\t\t\t\t<div class=\"section-title text-left\">\n\t\t\t\t\t\t<div class=\"section-title__01\">ELECTRICAL ENGINEERING & COMMISSIONING<\/div>\n\t\t\t\t\t\t<div class=\"section-title__02\">DNSPOWER ELECTRIC<\/div>\n\t\t\t\t\t<\/div>\n\t\t\t\t\t<p>\n\t\t\tUne Entreprise proposant des solutions \u00e9lectriques\nindustrielles et tertiaires pour les professionnels. \t\t\t\t\t<\/p>\n\t\t\t\t\t<ul class=\"tt-list01 tt-list-top\">\n\t\t\tPr\u00e9sente \u00e0 toutes les \u00e9tapes d\u2019une\ncha\u00eene industriel, du production, transport, distribution et gestion de l\u2019\u00e9nergie\n\u00e9lectrique commen\u00e7ant par les \u00e9tudes, analyses et sch\u00e9mas de tous types\nd\u2019installations \u00e9lectrique industrielles et tertiaires et raccordements haute tension\nau branchement en courant faible, Elle apporte une vision coh\u00e9rente \u00e0 l\u2019ensemble\nde votre r\u00e9seau Analyse du besoin, dialogue et accompagnement de ses clients.\n\nDNSPOWER ELECTRIC est un partenaire dot\u00e9 de solides savoir-faire dans un large \u00e9ventail de\ndomaines industriels.\n\t\t\t\t\t<\/ul>\n\t\t\t\t\t<div class=\"tt-data-info\">\n\t\t\t\t\t\t<div class=\"tt-item\">\n\t\t\t\t\t\t\t<div class=\"personal-box\">\n\t\t\t\t\t\t\t\t<div class=\"personal-box__img\">\n\t\t\t\t\t\t\t\t\t\t\t<\/div>\n\t\t\t\t\t\t\t\t<div class=\"personal-box__content\">\n\t\t\t\t\t\t\t\t\t<div class=\"personal-box__title\">\n\t\t\t\t\t\t\t\t\t\t\t\t<\/div>\n\t\t\t\t\t\t\t\t\t\t\t<\/div>\n\t\t\t\t\t\t\t<\/div>\n\t\t\t\t\t\t<\/div>\n\t\t\t\t\t\t<div class=\"tt-item\">\n\t\t\t\t\t\t\t\t\t<\/div>\n\t\t\t\t\t<\/div>\n\t\t\t\t<\/div>\n\t\t\t<\/div>\n\t\t<\/div>\n\t<\/div>\n<\/div> \n\t\t\t\t\t\t\t\t\t<\/div>\n\t\t\t\t<\/div>\n\t\t\t\t\t<\/div>\n\t\t<\/div>\n\t\t\t\t\t<\/div>\n\t\t<\/section>\n\t\t\t\t<section class=\"elementor-section elementor-top-section elementor-element elementor-element-579b5b6 elementor-section-stretched elementor-section-full_width elementor-section-height-default elementor-section-height-default\" data-id=\"579b5b6\" data-element_type=\"section\" data-settings=\"{&quot;stretch_section&quot;:&quot;section-stretched&quot;}\">\n\t\t\t\t\t\t<div class=\"elementor-container elementor-column-gap-no\">\n\t\t\t\t\t<div class=\"elementor-column elementor-col-100 elementor-top-column elementor-element elementor-element-be9fa39\" data-id=\"be9fa39\" data-element_type=\"column\">\n\t\t\t<div class=\"elementor-widget-wrap elementor-element-populated\">\n\t\t\t\t\t\t<div class=\"elementor-element elementor-element-205c0d9 elementor-widget elementor-widget-electrician_certificates\" data-id=\"205c0d9\" data-element_type=\"widget\" data-widget_type=\"electrician_certificates.default\">\n\t\t\t\t<div class=\"elementor-widget-container\">\n\t\t\t\t\t<div class=\"section-indent\">\n\t<div class=\"layout01-fluid\">\n\t\t<div class=\"layout01__img\" style=\"background-image: url(https:\/\/dnspowerelec.com\/wp-content\/uploads\/2024\/02\/accueil_result.webp)\"><\/div>\n\t\t<div class=\"container container-lg-fluid\">\n\t\t\t<div class=\"layout01__content\">\n\t\t\t\t<div class=\"layout01__content-wrapper\">\n\t\t\t\t\t<div class=\"section-title text-left\">\n\t\t\t\t\t\t<div class=\"section-title__01\"><\/div>\n\t\t\t\t\t\t<div class=\"section-title__02\">Notre philosophie<\/div>\n\t\t\t\t\t<\/div>\n\t\t\t\t\t<p>\n\t\t\t\t\t\tApporter les meilleures solutions et conseils pour la r\u00e9ussite des projets de nos\nclients\t\t\t\t\t<\/p>\n\t\t\t\t\t<ul class=\"js-wrapper-gallery gallery01 gallery01-top\">\n\t\t\t\t\t\t\t\t\t\t\t\t<li><a class=\"tt-gallery\" href=\"https:\/\/dnspowerelec.com\/wp-content\/uploads\/2020\/08\/certificates-img03_large.jpg\">\n\t\t\t\t\t\t\t\t\t\t\t\t\t\t\t\t\t\n\t\t\t\t\t\t\t<\/a><\/li>\n\t\t\t\t\t\t\n\t\t\t\t\t<\/ul>\n\t\t\t\t<\/div>\n\t\t\t<\/div>\n\t\t<\/div>\n\t<\/div>\n<\/div>\n\t\t\t\t\t\t<\/div>\n\t\t\t\t<\/div>\n\t\t\t\t\t<\/div>\n\t\t<\/div>\n\t\t\t\t\t<\/div>\n\t\t<\/section>\n\t\t\t\t<section class=\"elementor-section elementor-top-section elementor-element elementor-element-191c79e elementor-section-stretched elementor-section-full_width elementor-section-height-default elementor-section-height-default\" data-id=\"191c79e\" data-element_type=\"section\" data-settings=\"{&quot;stretch_section&quot;:&quot;section-stretched&quot;}\">\n\t\t\t\t\t\t<div class=\"elementor-container elementor-column-gap-no\">\n\t\t\t\t\t<div class=\"elementor-column elementor-col-100 elementor-top-column elementor-element elementor-element-1b296d1\" data-id=\"1b296d1\" data-element_type=\"column\">\n\t\t\t<div class=\"elementor-widget-wrap elementor-element-populated\">\n\t\t\t\t\t\t<div class=\"elementor-element elementor-element-0ef39a1 elementor-widget elementor-widget-electrician_advantages\" data-id=\"0ef39a1\" data-element_type=\"widget\" data-widget_type=\"electrician_advantages.default\">\n\t\t\t\t<div class=\"elementor-widget-container\">\n\t\t\t\t\t<div class=\"section-indent\">\n\t<div class=\"container container-lg-fluid\">\n\t\t<div class=\"section-title max-width-01\">\n\t\t\t<div class=\"section-title__01\"><\/div>\n\t\t\t<div class=\"section-title__02\">Nos valeurs<\/div>\n\t\t\t<div class=\"section-title__03\">\n\t\t\t\t\t\t\t<\/div>\n\t\t<\/div>\n\t\t<div class=\"row tt-services-promo__list justify-content-center\">\n\t\t\t\t\t\t<div class=\"col-sm-6 col-lg-4  tt-item\">\n\t\t\t\t<div class=\"tt-services-promo\">\n\t\t\t\t\t<div class=\"tt-value tt-value__indent\">1<\/div>\n\t\t\t\t\t<div class=\"tt-wrapper\">\n\t\t\t\t\t\t<div class=\"tt-col-icon  icon-1895474\"><\/div>\n\t\t\t\t\t\t<div class=\"tt-col-layout\">\n\t\t\t\t\t\t\t<div class=\"tt-title\">\n\t\t\t\t\t\t\t\tSavoir-faire et Qualit\u00e9\t\t\t\t\t\t\t<\/div>\n\t\t\t\t\t\t\t<p>\n\t\t\t\t\t\t\t\t\t\t\t\t\t\t\t<\/p>\n\t\t\t\t\t\t<\/div>\n\t\t\t\t\t<\/div>\n\t\t\t\t\t<div class=\"tt-bg-marker\"><\/div>\n\t\t\t\t<\/div>\n\t\t\t<\/div>\n\t\t\t\t\t\t<div class=\"col-sm-6 col-lg-4  tt-item\">\n\t\t\t\t<div class=\"tt-services-promo\">\n\t\t\t\t\t<div class=\"tt-value tt-value__indent\">2<\/div>\n\t\t\t\t\t<div class=\"tt-wrapper\">\n\t\t\t\t\t\t<div class=\"tt-col-icon  icon-621023\"><\/div>\n\t\t\t\t\t\t<div class=\"tt-col-layout\">\n\t\t\t\t\t\t\t<div class=\"tt-title\">\n\t\t\t\t\t\t\t\tEngagement\t\t\t\t\t\t\t<\/div>\n\t\t\t\t\t\t\t<p>\n\t\t\t\t\t\t\t\t\t\t\t\t\t\t\t<\/p>\n\t\t\t\t\t\t<\/div>\n\t\t\t\t\t<\/div>\n\t\t\t\t\t<div class=\"tt-bg-marker\"><\/div>\n\t\t\t\t<\/div>\n\t\t\t<\/div>\n\t\t\t\t\t\t<div class=\"col-sm-6 col-lg-4  tt-item\">\n\t\t\t\t<div class=\"tt-services-promo\">\n\t\t\t\t\t<div class=\"tt-value tt-value__indent\">3<\/div>\n\t\t\t\t\t<div class=\"tt-wrapper\">\n\t\t\t\t\t\t<div class=\"tt-col-icon  icon-hours\"><\/div>\n\t\t\t\t\t\t<div class=\"tt-col-layout\">\n\t\t\t\t\t\t\t<div class=\"tt-title\">\n\t\t\t\t\t\t\t\tDisponibilit\u00e9\t\t\t\t\t\t\t<\/div>\n\t\t\t\t\t\t\t<p>\n\t\t\t\t\t\t\t\t\t\t\t\t\t\t\t<\/p>\n\t\t\t\t\t\t<\/div>\n\t\t\t\t\t<\/div>\n\t\t\t\t\t<div class=\"tt-bg-marker\"><\/div>\n\t\t\t\t<\/div>\n\t\t\t<\/div>\n\t\t\t\t\t\t<div class=\"col-sm-6 col-lg-4  tt-item\">\n\t\t\t\t<div class=\"tt-services-promo\">\n\t\t\t\t\t<div class=\"tt-value tt-value__indent\">4<\/div>\n\t\t\t\t\t<div class=\"tt-wrapper\">\n\t\t\t\t\t\t<div class=\"tt-col-icon  icon-1716894\"><\/div>\n\t\t\t\t\t\t<div class=\"tt-col-layout\">\n\t\t\t\t\t\t\t<div class=\"tt-title\">\n\t\t\t\t\t\t\t\tResponsabilit\u00e9\t\t\t\t\t\t\t<\/div>\n\t\t\t\t\t\t\t<p>\n\t\t\t\t\t\t\t\t\t\t\t\t\t\t\t<\/p>\n\t\t\t\t\t\t<\/div>\n\t\t\t\t\t<\/div>\n\t\t\t\t\t<div class=\"tt-bg-marker\"><\/div>\n\t\t\t\t<\/div>\n\t\t\t<\/div>\n\t\t\t\t\t\t<div class=\"col-sm-6 col-lg-4  tt-item\">\n\t\t\t\t<div class=\"tt-services-promo\">\n\t\t\t\t\t<div class=\"tt-value tt-value__indent\">5<\/div>\n\t\t\t\t\t<div class=\"tt-wrapper\">\n\t\t\t\t\t\t<div class=\"tt-col-icon  icon-check\"><\/div>\n\t\t\t\t\t\t<div class=\"tt-col-layout\">\n\t\t\t\t\t\t\t<div class=\"tt-title\">\n\t\t\t\t\t\t\t\tConfiance\t\t\t\t\t\t\t<\/div>\n\t\t\t\t\t\t\t<p>\n\t\t\t\t\t\t\t\t\t\t\t\t\t\t\t<\/p>\n\t\t\t\t\t\t<\/div>\n\t\t\t\t\t<\/div>\n\t\t\t\t\t<div class=\"tt-bg-marker\"><\/div>\n\t\t\t\t<\/div>\n\t\t\t<\/div>\n\t\t\t\t\t\t<div class=\"col-sm-6 col-lg-4  tt-item\">\n\t\t\t\t<div class=\"tt-services-promo\">\n\t\t\t\t\t<div class=\"tt-value tt-value__indent\">6<\/div>\n\t\t\t\t\t<div class=\"tt-wrapper\">\n\t\t\t\t\t\t<div class=\"tt-col-icon fas fa-map-marker-alt\"><\/div>\n\t\t\t\t\t\t<div class=\"tt-col-layout\">\n\t\t\t\t\t\t\t<div class=\"tt-title\">\n\t\t\t\t\t\t\t\tProximit\u00e9\t\t\t\t\t\t\t<\/div>\n\t\t\t\t\t\t\t<p>\n\t\t\t\t\t\t\t\t\t\t\t\t\t\t\t<\/p>\n\t\t\t\t\t\t<\/div>\n\t\t\t\t\t<\/div>\n\t\t\t\t\t<div class=\"tt-bg-marker\"><\/div>\n\t\t\t\t<\/div>\n\t\t\t<\/div>\n\t\t\t\n\t\t<\/div>\n\t<\/div>\n<\/div>\n\t\t\t\t\t\t<\/div>\n\t\t\t\t<\/div>\n\t\t\t\t\t<\/div>\n\t\t<\/div>\n\t\t\t\t\t<\/div>\n\t\t<\/section>\n\t\t\t\t<section class=\"elementor-section elementor-top-section elementor-element elementor-element-96562f1 elementor-section-content-top elementor-section-boxed elementor-section-height-default elementor-section-height-default\" data-id=\"96562f1\" data-element_type=\"section\" data-settings=\"{&quot;background_background&quot;:&quot;classic&quot;}\">\n\t\t\t\t\t\t<div class=\"elementor-container elementor-column-gap-default\">\n\t\t\t\t\t<div class=\"elementor-column elementor-col-100 elementor-top-column elementor-element elementor-element-6b3a6ba4\" data-id=\"6b3a6ba4\" data-element_type=\"column\">\n\t\t\t<div class=\"elementor-widget-wrap elementor-element-populated\">\n\t\t\t\t\t\t<section class=\"elementor-section elementor-inner-section elementor-element elementor-element-5a9587e8 elementor-section-boxed elementor-section-height-default elementor-section-height-default\" data-id=\"5a9587e8\" data-element_type=\"section\">\n\t\t\t\t\t\t<div class=\"elementor-container elementor-column-gap-default\">\n\t\t\t\t\t<div class=\"elementor-column elementor-col-100 elementor-inner-column elementor-element elementor-element-7a919bdd\" data-id=\"7a919bdd\" data-element_type=\"column\">\n\t\t\t<div class=\"elementor-widget-wrap elementor-element-populated\">\n\t\t\t\t\t\t<div class=\"elementor-element elementor-element-153af3f8 elementor-widget elementor-widget-heading\" data-id=\"153af3f8\" data-element_type=\"widget\" data-widget_type=\"heading.default\">\n\t\t\t\t<div class=\"elementor-widget-container\">\n\t\t\t\t\t<h2 class=\"elementor-heading-title elementor-size-default\">Nos domaines d'activit\u00e9s<\/h2>\t\t\t\t<\/div>\n\t\t\t\t<\/div>\n\t\t\t\t<div class=\"elementor-element elementor-element-54baab28 animated-fast elementor-widget-tablet__width-inherit elementor-invisible elementor-widget elementor-widget-text-editor\" data-id=\"54baab28\" data-element_type=\"widget\" data-settings=\"{&quot;_animation&quot;:&quot;fadeInUp&quot;,&quot;_animation_delay&quot;:200}\" data-widget_type=\"text-editor.default\">\n\t\t\t\t<div class=\"elementor-widget-container\">\n\t\t\t\t\t\t\t\t\t<p>L\u2019impact de DNS POWER r\u00e9side dans sa capacit\u00e9 \u00e0 ma\u00eetriser l\u2019ensemble des<br \/>processus \u00e9lectriques, de la haute tension 220 KV jusqu\u2019au raccordement basse<br \/>tension, des petits appareils et syst\u00e8mes informatiques.<\/p>\t\t\t\t\t\t\t\t<\/div>\n\t\t\t\t<\/div>\n\t\t\t\t\t<\/div>\n\t\t<\/div>\n\t\t\t\t\t<\/div>\n\t\t<\/section>\n\t\t\t\t<section class=\"elementor-section elementor-inner-section elementor-element elementor-element-63becf4d elementor-section-full_width elementor-section-height-default elementor-section-height-default\" data-id=\"63becf4d\" data-element_type=\"section\">\n\t\t\t\t\t\t<div class=\"elementor-container elementor-column-gap-default\">\n\t\t\t\t\t<div class=\"elementor-column elementor-col-50 elementor-inner-column elementor-element elementor-element-23bb0d37\" data-id=\"23bb0d37\" data-element_type=\"column\">\n\t\t\t<div class=\"elementor-widget-wrap elementor-element-populated\">\n\t\t\t\t\t\t<div class=\"elementor-element elementor-element-74b5824 animated-fast elementor-icon-list--layout-traditional elementor-list-item-link-full_width elementor-invisible elementor-widget elementor-widget-icon-list\" data-id=\"74b5824\" data-element_type=\"widget\" data-settings=\"{&quot;_animation&quot;:&quot;fadeInUp&quot;,&quot;_animation_delay&quot;:300}\" data-widget_type=\"icon-list.default\">\n\t\t\t\t<div class=\"elementor-widget-container\">\n\t\t\t\t\t\t\t<ul class=\"elementor-icon-list-items\">\n\t\t\t\t\t\t\t<li class=\"elementor-icon-list-item\">\n\t\t\t\t\t\t\t\t\t\t\t<span class=\"elementor-icon-list-icon\">\n\t\t\t\t\t\t\t<i aria-hidden=\"true\" class=\" icon-lightning\"><\/i>\t\t\t\t\t\t<\/span>\n\t\t\t\t\t\t\t\t\t\t<span class=\"elementor-icon-list-text\">\u00c9tude et conception d'installations \u00e9lectriques industrielles<\/span>\n\t\t\t\t\t\t\t\t\t<\/li>\n\t\t\t\t\t\t\t\t<li class=\"elementor-icon-list-item\">\n\t\t\t\t\t\t\t\t\t\t\t<span class=\"elementor-icon-list-icon\">\n\t\t\t\t\t\t\t<i aria-hidden=\"true\" class=\" icon-lightning\"><\/i>\t\t\t\t\t\t<\/span>\n\t\t\t\t\t\t\t\t\t\t<span class=\"elementor-icon-list-text\">Installation et mise en service de r\u00e9seaux \u00e9lectriques haute tension et basse tension<\/span>\n\t\t\t\t\t\t\t\t\t<\/li>\n\t\t\t\t\t\t\t\t<li class=\"elementor-icon-list-item\">\n\t\t\t\t\t\t\t\t\t\t\t<span class=\"elementor-icon-list-icon\">\n\t\t\t\t\t\t\t<i aria-hidden=\"true\" class=\" icon-lightning\"><\/i>\t\t\t\t\t\t<\/span>\n\t\t\t\t\t\t\t\t\t\t<span class=\"elementor-icon-list-text\">Maintenance pr\u00e9ventive et corrective d'\u00e9quipements \u00e9lectriques\n<\/span>\n\t\t\t\t\t\t\t\t\t<\/li>\n\t\t\t\t\t\t\t\t<li class=\"elementor-icon-list-item\">\n\t\t\t\t\t\t\t\t\t\t\t<span class=\"elementor-icon-list-icon\">\n\t\t\t\t\t\t\t<i aria-hidden=\"true\" class=\" icon-lightning\"><\/i>\t\t\t\t\t\t<\/span>\n\t\t\t\t\t\t\t\t\t\t<span class=\"elementor-icon-list-text\">Postes de transformation HTA\/BT.<\/span>\n\t\t\t\t\t\t\t\t\t<\/li>\n\t\t\t\t\t\t\t\t<li class=\"elementor-icon-list-item\">\n\t\t\t\t\t\t\t\t\t\t\t<span class=\"elementor-icon-list-icon\">\n\t\t\t\t\t\t\t<i aria-hidden=\"true\" class=\" icon-lightning\"><\/i>\t\t\t\t\t\t<\/span>\n\t\t\t\t\t\t\t\t\t\t<span class=\"elementor-icon-list-text\">Teste et commissioning<\/span>\n\t\t\t\t\t\t\t\t\t<\/li>\n\t\t\t\t\t\t\t\t<li class=\"elementor-icon-list-item\">\n\t\t\t\t\t\t\t\t\t\t\t<span class=\"elementor-icon-list-icon\">\n\t\t\t\t\t\t\t<i aria-hidden=\"true\" class=\" icon-lightning\"><\/i>\t\t\t\t\t\t<\/span>\n\t\t\t\t\t\t\t\t\t\t<span class=\"elementor-icon-list-text\">Mise en conformit\u00e9 des installations selon les normes en vigueur<\/span>\n\t\t\t\t\t\t\t\t\t<\/li>\n\t\t\t\t\t\t\t\t<li class=\"elementor-icon-list-item\">\n\t\t\t\t\t\t\t\t\t\t\t<span class=\"elementor-icon-list-icon\">\n\t\t\t\t\t\t\t<i aria-hidden=\"true\" class=\" icon-lightning\"><\/i>\t\t\t\t\t\t<\/span>\n\t\t\t\t\t\t\t\t\t\t<span class=\"elementor-icon-list-text\">D\u00e9pannage et intervention d'urgence 24h\/24 et 7j\/7<\/span>\n\t\t\t\t\t\t\t\t\t<\/li>\n\t\t\t\t\t\t<\/ul>\n\t\t\t\t\t\t<\/div>\n\t\t\t\t<\/div>\n\t\t\t\t\t<\/div>\n\t\t<\/div>\n\t\t\t\t<div class=\"elementor-column elementor-col-50 elementor-inner-column elementor-element elementor-element-6202e9ae\" data-id=\"6202e9ae\" data-element_type=\"column\">\n\t\t\t<div class=\"elementor-widget-wrap elementor-element-populated\">\n\t\t\t\t\t\t<div class=\"elementor-element elementor-element-32154a1b animated-fast elementor-icon-list--layout-traditional elementor-list-item-link-full_width elementor-invisible elementor-widget elementor-widget-icon-list\" data-id=\"32154a1b\" data-element_type=\"widget\" data-settings=\"{&quot;_animation&quot;:&quot;fadeInUp&quot;,&quot;_animation_delay&quot;:400}\" data-widget_type=\"icon-list.default\">\n\t\t\t\t<div class=\"elementor-widget-container\">\n\t\t\t\t\t\t\t<ul class=\"elementor-icon-list-items\">\n\t\t\t\t\t\t\t<li class=\"elementor-icon-list-item\">\n\t\t\t\t\t\t\t\t\t\t\t<span class=\"elementor-icon-list-icon\">\n\t\t\t\t\t\t\t<i aria-hidden=\"true\" class=\" icon-lightning\"><\/i>\t\t\t\t\t\t<\/span>\n\t\t\t\t\t\t\t\t\t\t<span class=\"elementor-icon-list-text\">R\u00e9alisation d'armoires \u00e9lectriques et de tableaux de distribution<\/span>\n\t\t\t\t\t\t\t\t\t<\/li>\n\t\t\t\t\t\t\t\t<li class=\"elementor-icon-list-item\">\n\t\t\t\t\t\t\t\t\t\t\t<span class=\"elementor-icon-list-icon\">\n\t\t\t\t\t\t\t<i aria-hidden=\"true\" class=\" icon-lightning\"><\/i>\t\t\t\t\t\t<\/span>\n\t\t\t\t\t\t\t\t\t\t<span class=\"elementor-icon-list-text\">Installation de syst\u00e8mes d'\u00e9clairage industriel<\/span>\n\t\t\t\t\t\t\t\t\t<\/li>\n\t\t\t\t\t\t\t\t<li class=\"elementor-icon-list-item\">\n\t\t\t\t\t\t\t\t\t\t\t<span class=\"elementor-icon-list-icon\">\n\t\t\t\t\t\t\t<i aria-hidden=\"true\" class=\" icon-lightning\"><\/i>\t\t\t\t\t\t<\/span>\n\t\t\t\t\t\t\t\t\t\t<span class=\"elementor-icon-list-text\">Gestion de la consommation \u00e9nerg\u00e9tique<\/span>\n\t\t\t\t\t\t\t\t\t<\/li>\n\t\t\t\t\t\t\t\t<li class=\"elementor-icon-list-item\">\n\t\t\t\t\t\t\t\t\t\t\t<span class=\"elementor-icon-list-icon\">\n\t\t\t\t\t\t\t<i aria-hidden=\"true\" class=\" icon-lightning\"><\/i>\t\t\t\t\t\t<\/span>\n\t\t\t\t\t\t\t\t\t\t<span class=\"elementor-icon-list-text\">\u00c9lectricit\u00e9 courant faible : r\u00e9seaux informatiques, vid\u00e9osurveillance, gestion d'acc\u00e8s, d\u00e9tection incendie.<\/span>\n\t\t\t\t\t\t\t\t\t<\/li>\n\t\t\t\t\t\t\t\t<li class=\"elementor-icon-list-item\">\n\t\t\t\t\t\t\t\t\t\t\t<span class=\"elementor-icon-list-icon\">\n\t\t\t\t\t\t\t<i aria-hidden=\"true\" class=\" icon-lightning\"><\/i>\t\t\t\t\t\t<\/span>\n\t\t\t\t\t\t\t\t\t\t<span class=\"elementor-icon-list-text\">Centrale \u00e0 b\u00e9ton et Carri\u00e8res.<\/span>\n\t\t\t\t\t\t\t\t\t<\/li>\n\t\t\t\t\t\t\t\t<li class=\"elementor-icon-list-item\">\n\t\t\t\t\t\t\t\t\t\t\t<span class=\"elementor-icon-list-icon\">\n\t\t\t\t\t\t\t<i aria-hidden=\"true\" class=\" icon-lightning\"><\/i>\t\t\t\t\t\t<\/span>\n\t\t\t\t\t\t\t\t\t\t<span class=\"elementor-icon-list-text\">Groupes \u00e9lectrog\u00e8nes.<\/span>\n\t\t\t\t\t\t\t\t\t<\/li>\n\t\t\t\t\t\t<\/ul>\n\t\t\t\t\t\t<\/div>\n\t\t\t\t<\/div>\n\t\t\t\t\t<\/div>\n\t\t<\/div>\n\t\t\t\t\t<\/div>\n\t\t<\/section>\n\t\t\t\t\t<\/div>\n\t\t<\/div>\n\t\t\t\t\t<\/div>\n\t\t<\/section>\n\t\t\t\t<\/div>\n\t\t","protected":false},"excerpt":{"rendered":"<p>ELECTRICAL ENGINEERING &#038; COMMISSIONING DNSPOWER ELECTRIC Une Entreprise proposant des solutions \u00e9lectriques industrielles et tertiaires pour les professionnels. Pr\u00e9sente \u00e0 toutes les \u00e9tapes d\u2019une cha\u00eene industriel, du production, transport, distribution et gestion de l\u2019\u00e9nergie \u00e9lectrique commen\u00e7ant par les \u00e9tudes, analyses et sch\u00e9mas de tous types d\u2019installations \u00e9lectrique industrielles et tertiaires et raccordements haute tension au [&hellip;]<\/p>\n","protected":false},"author":1,"featured_media":0,"parent":0,"menu_order":0,"comment_status":"closed","ping_status":"closed","template":"","meta":{"footnotes":""},"class_list":["post-2164","page","type-page","status-publish","hentry"],"_links":{"self":[{"href":"https:\/\/dnspowerelec.com\/index.php?rest_route=\/wp\/v2\/pages\/2164","targetHints":{"allow":["GET"]}}],"collection":[{"href":"https:\/\/dnspowerelec.com\/index.php?rest_route=\/wp\/v2\/pages"}],"about":[{"href":"https:\/\/dnspowerelec.com\/index.php?rest_route=\/wp\/v2\/types\/page"}],"author":[{"embeddable":true,"href":"https:\/\/dnspowerelec.com\/index.php?rest_route=\/wp\/v2\/users\/1"}],"replies":[{"embeddable":true,"href":"https:\/\/dnspowerelec.com\/index.php?rest_route=%2Fwp%2Fv2%2Fcomments&post=2164"}],"version-history":[{"count":28,"href":"https:\/\/dnspowerelec.com\/index.php?rest_route=\/wp\/v2\/pages\/2164\/revisions"}],"predecessor-version":[{"id":3289,"href":"https:\/\/dnspowerelec.com\/index.php?rest_route=\/wp\/v2\/pages\/2164\/revisions\/3289"}],"wp:attachment":[{"href":"https:\/\/dnspowerelec.com\/index.php?rest_route=%2Fwp%2Fv2%2Fmedia&parent=2164"}],"curies":[{"name":"wp","href":"https:\/\/api.w.org\/{rel}","templated":true}]}}