{"id":2980,"date":"2024-02-20T03:31:58","date_gmt":"2024-02-20T02:31:58","guid":{"rendered":"https:\/\/dnspowerelec.com\/?page_id=2980"},"modified":"2024-03-17T13:16:13","modified_gmt":"2024-03-17T12:16:13","slug":"poste-hta-bt-2","status":"publish","type":"page","link":"https:\/\/dnspowerelec.com\/?page_id=2980","title":{"rendered":"Poste HTA\/ BT"},"content":{"rendered":"\t\t<div data-elementor-type=\"wp-page\" data-elementor-id=\"2980\" class=\"elementor elementor-2980\">\n\t\t\t\t\t\t<section class=\"elementor-section elementor-top-section elementor-element elementor-element-161369a elementor-section-boxed elementor-section-height-default elementor-section-height-default\" data-id=\"161369a\" data-element_type=\"section\">\n\t\t\t\t\t\t<div class=\"elementor-container elementor-column-gap-default\">\n\t\t\t\t\t<div class=\"elementor-column elementor-col-100 elementor-top-column elementor-element elementor-element-2c6e4b75\" data-id=\"2c6e4b75\" data-element_type=\"column\">\n\t\t\t<div class=\"elementor-widget-wrap elementor-element-populated\">\n\t\t\t\t\t\t<div class=\"elementor-element elementor-element-20034b38 elementor-widget__width-initial elementor-widget elementor-widget-text-editor\" data-id=\"20034b38\" data-element_type=\"widget\" data-widget_type=\"text-editor.default\">\n\t\t\t\t<div class=\"elementor-widget-container\">\n\t\t\t\t\t\t\t\t\t<h6 class=\"tt-layout-title tt-layout-title__top\"><br>POSTES DE TRANSFORMATION HTA\/BT INSTALLATION ET MAINTENANCE<br><br><\/h6>\n<p>\u00c9tudes, conseils, travaux, maintenance sur site et r\u00e9paration de poste de transformation haute et basse tension &#8211; huile ou sec.<\/p>\n<p>DNS POWER ELECTRIC Sp\u00e9cialiste du poste transformation \u00e9lectrique HTA\/BT, propose l&#8217;analyse et la r\u00e9vision des postes de transformation \u00e9lectrique sur site et en atelier pour les rendre conformes aux diff\u00e9rentes normes en vigueur en fonction de la carence du poste.<\/p>\n<p>Nous vous proposons une gamme compl\u00e8te de prestations pour la maintenance de votre poste de distribution \u00e9lectrique sur les cellules HTA, transformateurs HTA\/BT, Disjoncteurs de puissance BT et accessoire.<\/p>\t\t\t\t\t\t\t\t<\/div>\n\t\t\t\t<\/div>\n\t\t\t\t\t<\/div>\n\t\t<\/div>\n\t\t\t\t\t<\/div>\n\t\t<\/section>\n\t\t<div class=\"elementor-element elementor-element-ee61353 e-flex e-con-boxed e-con e-parent\" data-id=\"ee61353\" data-element_type=\"container\">\n\t\t\t\t\t<div class=\"e-con-inner\">\n\t\t\t\t<div class=\"elementor-element elementor-element-499f168 elementor-widget elementor-widget-spacer\" data-id=\"499f168\" data-element_type=\"widget\" data-widget_type=\"spacer.default\">\n\t\t\t\t<div class=\"elementor-widget-container\">\n\t\t\t\t\t\t\t<div class=\"elementor-spacer\">\n\t\t\t<div class=\"elementor-spacer-inner\"><\/div>\n\t\t<\/div>\n\t\t\t\t\t\t<\/div>\n\t\t\t\t<\/div>\n\t\t\t\t\t<\/div>\n\t\t\t\t<\/div>\n\t\t<div class=\"elementor-element elementor-element-61d06772 e-flex e-con-boxed e-con e-parent\" data-id=\"61d06772\" data-element_type=\"container\">\n\t\t\t\t\t<div class=\"e-con-inner\">\n\t\t<div class=\"elementor-element elementor-element-2b7667b3 e-con-full e-flex e-con e-child\" data-id=\"2b7667b3\" data-element_type=\"container\">\n\t\t\t\t<div class=\"elementor-element elementor-element-69d9f864 elementor-view-default elementor-position-top elementor-mobile-position-top elementor-widget elementor-widget-icon-box\" data-id=\"69d9f864\" data-element_type=\"widget\" data-widget_type=\"icon-box.default\">\n\t\t\t\t<div class=\"elementor-widget-container\">\n\t\t\t\t\t\t\t<div class=\"elementor-icon-box-wrapper\">\n\n\t\t\t\t\t\t<div class=\"elementor-icon-box-icon\">\n\t\t\t\t<span  class=\"elementor-icon\">\n\t\t\t\t<i aria-hidden=\"true\" class=\" icon-1895474\"><\/i>\t\t\t\t<\/span>\n\t\t\t<\/div>\n\t\t\t\n\t\t\t\t\t\t<div class=\"elementor-icon-box-content\">\n\n\t\t\t\t\t\t\t\t\t<h3 class=\"elementor-icon-box-title\">\n\t\t\t\t\t\t<span  >\n\t\t\t\t\t\t\tMise en conformit\u00e9\t\t\t\t\t\t<\/span>\n\t\t\t\t\t<\/h3>\n\t\t\t\t\n\t\t\t\t\t\t\t\t\t<p class=\"elementor-icon-box-description\">\n\t\t\t\t\t\tdirective de SONELGAZ ET ENACT\t\t\t\t\t<\/p>\n\t\t\t\t\n\t\t\t<\/div>\n\t\t\t\n\t\t<\/div>\n\t\t\t\t\t\t<\/div>\n\t\t\t\t<\/div>\n\t\t\t\t<\/div>\n\t\t<div class=\"elementor-element elementor-element-7507cb5d e-con-full e-flex e-con e-child\" data-id=\"7507cb5d\" data-element_type=\"container\">\n\t\t\t\t<div class=\"elementor-element elementor-element-71fd75a0 elementor-view-default elementor-position-top elementor-mobile-position-top elementor-widget elementor-widget-icon-box\" data-id=\"71fd75a0\" data-element_type=\"widget\" data-widget_type=\"icon-box.default\">\n\t\t\t\t<div class=\"elementor-widget-container\">\n\t\t\t\t\t\t\t<div class=\"elementor-icon-box-wrapper\">\n\n\t\t\t\t\t\t<div class=\"elementor-icon-box-icon\">\n\t\t\t\t<span  class=\"elementor-icon\">\n\t\t\t\t<i aria-hidden=\"true\" class=\" icon-1895474\"><\/i>\t\t\t\t<\/span>\n\t\t\t<\/div>\n\t\t\t\n\t\t\t\t\t\t<div class=\"elementor-icon-box-content\">\n\n\t\t\t\t\t\t\t\t\t<h3 class=\"elementor-icon-box-title\">\n\t\t\t\t\t\t<span  >\n\t\t\t\t\t\t\tMise en conformit\u00e9\t\t\t\t\t\t<\/span>\n\t\t\t\t\t<\/h3>\n\t\t\t\t\n\t\t\t\t\t\t\t\t\t<p class=\"elementor-icon-box-description\">\n\t\t\t\t\t\tLa r\u00e9glementation (D\u00e9cret 01-342 du 11 cha\u00e2bane 1422\ncorrespondant au 28 octobre 2001 relatif aux prescriptions particuli\u00e8res deprotection et de s\u00e9curit\u00e9 des travailleurs contre les risques \u00e9lectriques au sein\ndes organismes employeurs)\t\t\t\t\t<\/p>\n\t\t\t\t\n\t\t\t<\/div>\n\t\t\t\n\t\t<\/div>\n\t\t\t\t\t\t<\/div>\n\t\t\t\t<\/div>\n\t\t\t\t<\/div>\n\t\t<div class=\"elementor-element elementor-element-25b1c0ee e-con-full e-flex e-con e-child\" data-id=\"25b1c0ee\" data-element_type=\"container\">\n\t\t\t\t<div class=\"elementor-element elementor-element-4c3637c3 elementor-view-default elementor-position-top elementor-mobile-position-top elementor-widget elementor-widget-icon-box\" data-id=\"4c3637c3\" data-element_type=\"widget\" data-widget_type=\"icon-box.default\">\n\t\t\t\t<div class=\"elementor-widget-container\">\n\t\t\t\t\t\t\t<div class=\"elementor-icon-box-wrapper\">\n\n\t\t\t\t\t\t<div class=\"elementor-icon-box-icon\">\n\t\t\t\t<span  class=\"elementor-icon\">\n\t\t\t\t<i aria-hidden=\"true\" class=\" icon-1895474\"><\/i>\t\t\t\t<\/span>\n\t\t\t<\/div>\n\t\t\t\n\t\t\t\t\t\t<div class=\"elementor-icon-box-content\">\n\n\t\t\t\t\t\t\t\t\t<h3 class=\"elementor-icon-box-title\">\n\t\t\t\t\t\t<span  >\n\t\t\t\t\t\t\tMise en conformit\u00e9\t\t\t\t\t\t<\/span>\n\t\t\t\t\t<\/h3>\n\t\t\t\t\n\t\t\t\t\t\t\t\t\t<p class=\"elementor-icon-box-description\">\n\t\t\t\t\t\tnorme d\u2019installation NF C 13-100 ou 13-200\n\u2022 Signal\u00e9tique &amp; pose d'\u00e9quipements d\u2019intervention\t\t\t\t\t<\/p>\n\t\t\t\t\n\t\t\t<\/div>\n\t\t\t\n\t\t<\/div>\n\t\t\t\t\t\t<\/div>\n\t\t\t\t<\/div>\n\t\t\t\t<\/div>\n\t\t\t\t\t<\/div>\n\t\t\t\t<\/div>\n\t\t\t\t<section class=\"elementor-section elementor-top-section elementor-element elementor-element-6a7bd880 row tt-col-img__top elementor-section-boxed elementor-section-height-default elementor-section-height-default\" data-id=\"6a7bd880\" data-element_type=\"section\">\n\t\t\t\t\t\t<div class=\"elementor-container elementor-column-gap-default\">\n\t\t\t\t\t<div class=\"elementor-column elementor-col-50 elementor-top-column elementor-element elementor-element-417340ad\" data-id=\"417340ad\" data-element_type=\"column\">\n\t\t\t<div class=\"elementor-widget-wrap elementor-element-populated\">\n\t\t\t\t\t\t<div class=\"elementor-element elementor-element-10f933ad elementor-widget elementor-widget-image\" data-id=\"10f933ad\" data-element_type=\"widget\" data-widget_type=\"image.default\">\n\t\t\t\t<div class=\"elementor-widget-container\">\n\t\t\t\t\t\t\t\t\t\t\t\t\t\t\t<img fetchpriority=\"high\" decoding=\"async\" width=\"1920\" height=\"2560\" src=\"https:\/\/dnspowerelec.com\/wp-content\/uploads\/2024\/02\/IMG20220311163110_result-scaled.webp\" class=\"attachment-full size-full wp-image-2668\" alt=\"\" srcset=\"https:\/\/dnspowerelec.com\/wp-content\/uploads\/2024\/02\/IMG20220311163110_result-scaled.webp 1920w, https:\/\/dnspowerelec.com\/wp-content\/uploads\/2024\/02\/IMG20220311163110_result-225x300.webp 225w, https:\/\/dnspowerelec.com\/wp-content\/uploads\/2024\/02\/IMG20220311163110_result-768x1024.webp 768w, https:\/\/dnspowerelec.com\/wp-content\/uploads\/2024\/02\/IMG20220311163110_result-1152x1536.webp 1152w, https:\/\/dnspowerelec.com\/wp-content\/uploads\/2024\/02\/IMG20220311163110_result-1536x2048.webp 1536w, https:\/\/dnspowerelec.com\/wp-content\/uploads\/2024\/02\/IMG20220311163110_result-368x491.webp 368w\" sizes=\"(max-width: 1920px) 100vw, 1920px\" \/>\t\t\t\t\t\t\t\t\t\t\t\t\t\t\t<\/div>\n\t\t\t\t<\/div>\n\t\t\t\t\t<\/div>\n\t\t<\/div>\n\t\t\t\t<div class=\"elementor-column elementor-col-50 elementor-top-column elementor-element elementor-element-1522791d\" data-id=\"1522791d\" data-element_type=\"column\">\n\t\t\t<div class=\"elementor-widget-wrap elementor-element-populated\">\n\t\t\t\t\t\t<div class=\"elementor-element elementor-element-4ae444bf elementor-widget elementor-widget-image\" data-id=\"4ae444bf\" data-element_type=\"widget\" data-widget_type=\"image.default\">\n\t\t\t\t<div class=\"elementor-widget-container\">\n\t\t\t\t\t\t\t\t\t\t\t\t\t\t\t<img decoding=\"async\" width=\"1920\" height=\"2560\" src=\"https:\/\/dnspowerelec.com\/wp-content\/uploads\/2024\/02\/IMG20220311160529_result-scaled.webp\" class=\"attachment-full size-full wp-image-2667\" alt=\"\" srcset=\"https:\/\/dnspowerelec.com\/wp-content\/uploads\/2024\/02\/IMG20220311160529_result-scaled.webp 1920w, https:\/\/dnspowerelec.com\/wp-content\/uploads\/2024\/02\/IMG20220311160529_result-225x300.webp 225w, https:\/\/dnspowerelec.com\/wp-content\/uploads\/2024\/02\/IMG20220311160529_result-768x1024.webp 768w, https:\/\/dnspowerelec.com\/wp-content\/uploads\/2024\/02\/IMG20220311160529_result-1152x1536.webp 1152w, https:\/\/dnspowerelec.com\/wp-content\/uploads\/2024\/02\/IMG20220311160529_result-1536x2048.webp 1536w, https:\/\/dnspowerelec.com\/wp-content\/uploads\/2024\/02\/IMG20220311160529_result-368x491.webp 368w\" sizes=\"(max-width: 1920px) 100vw, 1920px\" \/>\t\t\t\t\t\t\t\t\t\t\t\t\t\t\t<\/div>\n\t\t\t\t<\/div>\n\t\t\t\t\t<\/div>\n\t\t<\/div>\n\t\t\t\t\t<\/div>\n\t\t<\/section>\n\t\t\t\t<section class=\"elementor-section elementor-top-section elementor-element elementor-element-67a17331 elementor-section-stretched elementor-section-full_width elementor-section-height-default elementor-section-height-default\" data-id=\"67a17331\" data-element_type=\"section\" data-settings=\"{&quot;stretch_section&quot;:&quot;section-stretched&quot;}\">\n\t\t\t\t\t\t<div class=\"elementor-container elementor-column-gap-no\">\n\t\t\t\t\t<div class=\"elementor-column elementor-col-100 elementor-top-column elementor-element elementor-element-2d1b7c06\" data-id=\"2d1b7c06\" data-element_type=\"column\">\n\t\t\t<div class=\"elementor-widget-wrap elementor-element-populated\">\n\t\t\t\t\t\t<div class=\"elementor-element elementor-element-53f06e7b elementor-widget elementor-widget-elec_price\" data-id=\"53f06e7b\" data-element_type=\"widget\" data-widget_type=\"elec_price.default\">\n\t\t\t\t<div class=\"elementor-widget-container\">\n\t\t\t\t\t<!-- Plans Block -->\n\t\t\t\t\t<div class=\"section-indent\">\n\t<div class=\"container\">\n\t\t<div class=\"section-title max-width-01\">\n\t\t\t<div class=\"section-title__01\"><\/div>\n\t\t\t<div class=\"section-title__02\"><\/div>\n\t\t\t<div class=\"section-title__03\">\n\t\t\t\t\t\t<\/div>\n\t\t<\/div>\n\t\t<div class=\"tt-block-marker\">\n\t\t\t<img decoding=\"async\" class=\"bg-marker01 block-marker__obj lazyload\" src=\"https:\/\/dnspowerelec.com\/wp-content\/uploads\/2020\/07\/bg_marker02.png\" data-src=\"https:\/\/dnspowerelec.com\/wp-content\/uploads\/2020\/07\/bg_marker02.png\" alt=\"\">\n\t\t\t<div class=\"tt-layout02-wrapper slick-type01 row\"\n\t\t\t\t\t\t\tdata-slick='{\n\t\t\t\t\t\"slidesToShow\": 3,\n\t\t\t\t\t\"slidesToScroll\": 2,\n\t\t\t\t\t\"autoplaySpeed\": 5000,\n\t\t\t\t\t\"responsive\": [\n\t\t\t\t\t\t{\n\t\t\t\t\t\t\t\"breakpoint\": 1230,\n\t\t\t\t\t\t\t\"settings\": {\n\t\t\t\t\t\t\t\t\"slidesToShow\": 2,\n\t\t\t\t\t\t\t\t\"slidesToScroll\": 2\n\t\t\t\t\t\t\t}\n\t\t\t\t\t\t},\n\t\t\t\t\t\t{\n\t\t\t\t\t\t\t\"breakpoint\": 767,\n\t\t\t\t\t\t\t\"settings\": {\n\t\t\t\t\t\t\t\t\"slidesToShow\": 1,\n\t\t\t\t\t\t\t\t\"slidesToScroll\": 1\n\t\t\t\t\t\t\t}\n\t\t\t\t\t\t}\n\t\t\t\t\t]\n\t\t\t\t\t}'>\n\n\t\t\t\t\t\t\t<div class=\"item col-md-4\">\n\t\t\t\t\t<div class=\"tt-layout02\">\n\t\t\t\t\t\t<div class=\"tt-layout02__icon\">\n\t\t\t\t\t\t\t<span class=\" icon-867257\"><\/span>\n\t\t\t\t\t\t<\/div>\n\t\t\t\t\t\t<div class=\"tt-layout02__title\">\n\t\t\t\t\tR\u00e9novation Des Postes HTA\/ BT\t\t\t\t\t\t<\/div>\n\t\t\t\t\t\t<ul class=\"tt-layout02__list\">\n\t\t\t\t\t<li>R\u00e9novation \/ remplacement des cellules HTA<\/li>\n<li>R\u00e9novation \/ remplacement des transformateurs<\/li>\n<li>R\u00e9novation \/ installation d'armoire BT (TGBT)<\/li>\n<li>Mise \u00e0 la terre du poste<\/li>\t\t\t\t\t\t<\/ul>\n\t\t\t\t\t\t<hr class=\"tt-layout02__hr\">\n\t\t\t\t\t\t<div class=\"tt-layout02__price\">\n\t\t\t\t\t\t\t\t\t\t\t<\/div>\n\t\t\t\t\t\t<div class=\"tt-layout02__link\">\n\t\t\t\t\t\t\t<a href=\"#\" data-toggle=\"modal\" data-target=\"#modalMakeAppointment\" class=\"tt-link\"><span class=\"icon-arrowhead\"><\/span><\/a>\n\t\t\t\t\t\t<\/div>\n\t\t\t\t\t<\/div>\n\t\t\t\t<\/div>\n\t\t\t\t\t\t\t\t\t<div class=\"item col-md-4\">\n\t\t\t\t\t<div class=\"tt-layout02\">\n\t\t\t\t\t\t<div class=\"tt-layout02__icon\">\n\t\t\t\t\t\t\t<span class=\" icon-621023\"><\/span>\n\t\t\t\t\t\t<\/div>\n\t\t\t\t\t\t<div class=\"tt-layout02__title\">\n\t\t\t\t\tAnalyse de l'installation HTA\/ BT\t\t\t\t\t\t<\/div>\n\t\t\t\t\t\t<ul class=\"tt-layout02__list\">\n\t\t\t\t\t<li>D\u00e9tection les anomalies - Echauffement <\/li>\n<li>Dimensionnement de la nouvelle installation<\/li>\n<li>Rapport puissance consommation<\/li>\n\t\t\t\t\t\t<\/ul>\n\t\t\t\t\t\t<hr class=\"tt-layout02__hr\">\n\t\t\t\t\t\t<div class=\"tt-layout02__price\">\n\t\t\t\t\t\t\t\t\t\t\t<\/div>\n\t\t\t\t\t\t<div class=\"tt-layout02__link\">\n\t\t\t\t\t\t\t<a href=\"#\" data-toggle=\"modal\" data-target=\"#modalMakeAppointment\" class=\"tt-link\"><span class=\"icon-arrowhead\"><\/span><\/a>\n\t\t\t\t\t\t<\/div>\n\t\t\t\t\t<\/div>\n\t\t\t\t<\/div>\n\t\t\t\t\t\t\t\t\t<div class=\"item col-md-4\">\n\t\t\t\t\t<div class=\"tt-layout02\">\n\t\t\t\t\t\t<div class=\"tt-layout02__icon\">\n\t\t\t\t\t\t\t<span class=\" icon-plug-1\"><\/span>\n\t\t\t\t\t\t<\/div>\n\t\t\t\t\t\t<div class=\"tt-layout02__title\">\n\t\t\t\t\tAnalyse Des Di\u00e9lectriques\t\t\t\t\t\t<\/div>\n\t\t\t\t\t\t<ul class=\"tt-layout02__list\">\n\t\t\t\t\t<li>Vidange - changement des huiles usag\u00e9es<\/li>\n<li>Analyse huile et PCB sur transformateur par laboratoire agr\u00e9\u00e9<\/li>\n<li>R\u00e9g\u00e9n\u00e9ration du di\u00e9lectriques<\/li>\n<li>D\u00e9contamination huiles pollu\u00e9es PCB\n<\/li>\n\t\t\t\t\t\t<\/ul>\n\t\t\t\t\t\t<hr class=\"tt-layout02__hr\">\n\t\t\t\t\t\t<div class=\"tt-layout02__price\">\n\t\t\t\t\t\t\t\t\t\t\t<\/div>\n\t\t\t\t\t\t<div class=\"tt-layout02__link\">\n\t\t\t\t\t\t\t<a href=\"#\" data-toggle=\"modal\" data-target=\"#modalMakeAppointment\" class=\"tt-link\"><span class=\"icon-arrowhead\"><\/span><\/a>\n\t\t\t\t\t\t<\/div>\n\t\t\t\t\t<\/div>\n\t\t\t\t<\/div>\n\t\t\t\t\t\t   \n\t\t\t<\/div>\n\t\t<\/div>\n\t<\/div>\n\t\t\t\t\t\t\t\t<\/div>\n\t\t\t\t<\/div>\n\t\t\t\t\t<\/div>\n\t\t<\/div>\n\t\t\t\t\t<\/div>\n\t\t<\/section>\n\t\t\t\t<section class=\"elementor-section elementor-top-section elementor-element elementor-element-4d124ec5 row tt-col-img__top elementor-section-boxed elementor-section-height-default elementor-section-height-default\" data-id=\"4d124ec5\" data-element_type=\"section\">\n\t\t\t\t\t\t<div class=\"elementor-container elementor-column-gap-default\">\n\t\t\t\t\t<div class=\"elementor-column elementor-col-50 elementor-top-column elementor-element elementor-element-3f2c7d14\" data-id=\"3f2c7d14\" data-element_type=\"column\">\n\t\t\t<div class=\"elementor-widget-wrap elementor-element-populated\">\n\t\t\t\t\t\t<div class=\"elementor-element elementor-element-3c45a07b elementor-widget elementor-widget-image\" data-id=\"3c45a07b\" data-element_type=\"widget\" data-widget_type=\"image.default\">\n\t\t\t\t<div class=\"elementor-widget-container\">\n\t\t\t\t\t\t\t\t\t\t\t\t\t\t\t<img decoding=\"async\" width=\"976\" height=\"810\" src=\"https:\/\/dnspowerelec.com\/wp-content\/uploads\/2024\/02\/photo_3_2024-02-21_03-53-37.jpg\" class=\"attachment-full size-full wp-image-3239\" alt=\"\" srcset=\"https:\/\/dnspowerelec.com\/wp-content\/uploads\/2024\/02\/photo_3_2024-02-21_03-53-37.jpg 976w, https:\/\/dnspowerelec.com\/wp-content\/uploads\/2024\/02\/photo_3_2024-02-21_03-53-37-300x249.jpg 300w, https:\/\/dnspowerelec.com\/wp-content\/uploads\/2024\/02\/photo_3_2024-02-21_03-53-37-768x637.jpg 768w, https:\/\/dnspowerelec.com\/wp-content\/uploads\/2024\/02\/photo_3_2024-02-21_03-53-37-592x491.jpg 592w\" sizes=\"(max-width: 976px) 100vw, 976px\" \/>\t\t\t\t\t\t\t\t\t\t\t\t\t\t\t<\/div>\n\t\t\t\t<\/div>\n\t\t\t\t\t<\/div>\n\t\t<\/div>\n\t\t\t\t<div class=\"elementor-column elementor-col-50 elementor-top-column elementor-element elementor-element-7c85460d\" data-id=\"7c85460d\" data-element_type=\"column\">\n\t\t\t<div class=\"elementor-widget-wrap elementor-element-populated\">\n\t\t\t\t\t\t<div class=\"elementor-element elementor-element-61898cab elementor-widget elementor-widget-image\" data-id=\"61898cab\" data-element_type=\"widget\" data-widget_type=\"image.default\">\n\t\t\t\t<div class=\"elementor-widget-container\">\n\t\t\t\t\t\t\t\t\t\t\t\t\t\t\t<img loading=\"lazy\" decoding=\"async\" width=\"960\" height=\"1280\" src=\"https:\/\/dnspowerelec.com\/wp-content\/uploads\/2024\/03\/6aec1a98-c58f-4f84-a622-e843dbe400f8.webp\" class=\"attachment-full size-full wp-image-3282\" alt=\"\" srcset=\"https:\/\/dnspowerelec.com\/wp-content\/uploads\/2024\/03\/6aec1a98-c58f-4f84-a622-e843dbe400f8.webp 960w, https:\/\/dnspowerelec.com\/wp-content\/uploads\/2024\/03\/6aec1a98-c58f-4f84-a622-e843dbe400f8-225x300.webp 225w, https:\/\/dnspowerelec.com\/wp-content\/uploads\/2024\/03\/6aec1a98-c58f-4f84-a622-e843dbe400f8-768x1024.webp 768w, https:\/\/dnspowerelec.com\/wp-content\/uploads\/2024\/03\/6aec1a98-c58f-4f84-a622-e843dbe400f8-368x491.webp 368w\" sizes=\"(max-width: 960px) 100vw, 960px\" \/>\t\t\t\t\t\t\t\t\t\t\t\t\t\t\t<\/div>\n\t\t\t\t<\/div>\n\t\t\t\t\t<\/div>\n\t\t<\/div>\n\t\t\t\t\t<\/div>\n\t\t<\/section>\n\t\t<div class=\"elementor-element elementor-element-1b6c4d0 e-flex e-con-boxed e-con e-parent\" data-id=\"1b6c4d0\" data-element_type=\"container\">\n\t\t\t\t\t<div class=\"e-con-inner\">\n\t\t\t\t<div class=\"elementor-element elementor-element-5495e1a elementor-widget elementor-widget-spacer\" data-id=\"5495e1a\" data-element_type=\"widget\" data-widget_type=\"spacer.default\">\n\t\t\t\t<div class=\"elementor-widget-container\">\n\t\t\t\t\t\t\t<div class=\"elementor-spacer\">\n\t\t\t<div class=\"elementor-spacer-inner\"><\/div>\n\t\t<\/div>\n\t\t\t\t\t\t<\/div>\n\t\t\t\t<\/div>\n\t\t\t\t\t<\/div>\n\t\t\t\t<\/div>\n\t\t\t\t<section class=\"elementor-section elementor-top-section elementor-element elementor-element-9379cdd elementor-section-boxed elementor-section-height-default elementor-section-height-default\" data-id=\"9379cdd\" data-element_type=\"section\">\n\t\t\t\t\t\t<div class=\"elementor-container elementor-column-gap-default\">\n\t\t\t\t\t<div class=\"elementor-column elementor-col-100 elementor-top-column elementor-element elementor-element-ffccd51\" data-id=\"ffccd51\" data-element_type=\"column\">\n\t\t\t<div class=\"elementor-widget-wrap elementor-element-populated\">\n\t\t\t\t\t\t<div class=\"elementor-element elementor-element-e089b31 elementor-widget elementor-widget-text-editor\" data-id=\"e089b31\" data-element_type=\"widget\" data-widget_type=\"text-editor.default\">\n\t\t\t\t<div class=\"elementor-widget-container\">\n\t\t\t\t\t\t\t\t\t<h4 class=\"tt-layout-title\">Maintenance et entretien des postes HTA \/ BT<\/h4><p>Maintenance avec continuit\u00e9 de service possible, toutes marques et puissances. <br \/>Entretien de poste transfo HTA BT.<\/p>\t\t\t\t\t\t\t\t<\/div>\n\t\t\t\t<\/div>\n\t\t\t\t\t<\/div>\n\t\t<\/div>\n\t\t\t\t\t<\/div>\n\t\t<\/section>\n\t\t\t\t<section class=\"elementor-section elementor-top-section elementor-element elementor-element-6773d67 tt-indent-top elementor-section-content-middle elementor-section-boxed elementor-section-height-default elementor-section-height-default\" data-id=\"6773d67\" data-element_type=\"section\">\n\t\t\t\t\t\t<div class=\"elementor-container elementor-column-gap-default\">\n\t\t\t\t\t<div class=\"elementor-column elementor-col-50 elementor-top-column elementor-element elementor-element-ec11f62\" data-id=\"ec11f62\" data-element_type=\"column\">\n\t\t\t<div class=\"elementor-widget-wrap elementor-element-populated\">\n\t\t\t\t\t\t<div class=\"elementor-element elementor-element-4853bf8 elementor-widget elementor-widget-text-editor\" data-id=\"4853bf8\" data-element_type=\"widget\" data-widget_type=\"text-editor.default\">\n\t\t\t\t<div class=\"elementor-widget-container\">\n\t\t\t\t\t\t\t\t\t<ul class=\"tt-list01\"><li>Nettoyage et r\u00e9vision g\u00e9n\u00e9rale<\/li><li>R\u00e9fection des joints<\/li><li>Serrage des connexions &amp; auxiliaires de s\u00e9curit\u00e9<\/li><li>Plan de graissage<\/li><li>Manoeuvre des installations<\/li><li>Utilit\u00e9 poste<\/li><\/ul>\t\t\t\t\t\t\t\t<\/div>\n\t\t\t\t<\/div>\n\t\t\t\t\t<\/div>\n\t\t<\/div>\n\t\t\t\t<div class=\"elementor-column elementor-col-50 elementor-top-column elementor-element elementor-element-888b625\" data-id=\"888b625\" data-element_type=\"column\">\n\t\t\t<div class=\"elementor-widget-wrap elementor-element-populated\">\n\t\t\t\t\t\t<div class=\"elementor-element elementor-element-d2d6d62 elementor-widget elementor-widget-text-editor\" data-id=\"d2d6d62\" data-element_type=\"widget\" data-widget_type=\"text-editor.default\">\n\t\t\t\t<div class=\"elementor-widget-container\">\n\t\t\t\t\t\t\t\t\t<ul class=\"tt-list01\"><li>\u00c9clairage g\u00e9n\u00e9ral et ext\u00e9rieur, \u00e9clairage de s\u00e9curit\u00e9<\/li><li>Ventilation et climatisation<\/li><li>V\u00e9rification des \u00e9quipements de securit\u00e9<\/li><li>Mise en place d&#8217;un enregistreur<\/li><li>Bilan puissance<\/li><li>Remplacement ou rajout de DGPT2<\/li><\/ul>\t\t\t\t\t\t\t\t<\/div>\n\t\t\t\t<\/div>\n\t\t\t\t\t<\/div>\n\t\t<\/div>\n\t\t\t\t\t<\/div>\n\t\t<\/section>\n\t\t\t\t<section class=\"elementor-section elementor-top-section elementor-element elementor-element-945cbd4 elementor-section-boxed elementor-section-height-default elementor-section-height-default\" data-id=\"945cbd4\" data-element_type=\"section\">\n\t\t\t\t\t\t<div class=\"elementor-container elementor-column-gap-default\">\n\t\t\t\t\t<div class=\"elementor-column elementor-col-100 elementor-top-column elementor-element elementor-element-6e93021\" data-id=\"6e93021\" data-element_type=\"column\">\n\t\t\t<div class=\"elementor-widget-wrap elementor-element-populated\">\n\t\t\t\t\t\t<div class=\"elementor-element elementor-element-353b659 elementor-widget elementor-widget-text-editor\" data-id=\"353b659\" data-element_type=\"widget\" data-widget_type=\"text-editor.default\">\n\t\t\t\t<div class=\"elementor-widget-container\">\n\t\t\t\t\t\t\t\t\t<p>DNSPOWER ELECTRIC propose un diagnostique annuel pour d\u00e9tecter les anomalies et manquement aux diff\u00e9rentes r\u00e8gles de conformit\u00e9. Continuit\u00e9 de service possible.<\/p>\t\t\t\t\t\t\t\t<\/div>\n\t\t\t\t<\/div>\n\t\t\t\t<section class=\"elementor-section elementor-inner-section elementor-element elementor-element-4da8a0c elementor-section-boxed elementor-section-height-default elementor-section-height-default\" data-id=\"4da8a0c\" data-element_type=\"section\">\n\t\t\t\t\t\t<div class=\"elementor-container elementor-column-gap-default\">\n\t\t\t\t\t<div class=\"elementor-column elementor-col-100 elementor-inner-column elementor-element elementor-element-520fcad1\" data-id=\"520fcad1\" data-element_type=\"column\" data-settings=\"{&quot;background_background&quot;:&quot;classic&quot;}\">\n\t\t\t<div class=\"elementor-widget-wrap elementor-element-populated\">\n\t\t\t\t\t\t<div class=\"elementor-element elementor-element-74f16ff6 elementor-view-default elementor-position-top elementor-mobile-position-top elementor-widget elementor-widget-icon-box\" data-id=\"74f16ff6\" data-element_type=\"widget\" data-widget_type=\"icon-box.default\">\n\t\t\t\t<div class=\"elementor-widget-container\">\n\t\t\t\t\t\t\t<div class=\"elementor-icon-box-wrapper\">\n\n\t\t\t\t\t\t<div class=\"elementor-icon-box-icon\">\n\t\t\t\t<span  class=\"elementor-icon\">\n\t\t\t\t<i aria-hidden=\"true\" class=\" icon-lightning\"><\/i>\t\t\t\t<\/span>\n\t\t\t<\/div>\n\t\t\t\n\t\t\t\t\t\t<div class=\"elementor-icon-box-content\">\n\n\t\t\t\t\n\t\t\t\t\t\t\t\t\t<p class=\"elementor-icon-box-description\">\n\t\t\t\t\t\tSuite \u00e0 l'intervention, nous vous transmettons un rapport d'intervention d\u00e9taill\u00e9 vous permettant de conna\u00eetre les op\u00e9rations de contr\u00f4le r\u00e9alis\u00e9es, les r\u00e9sultats ainsi que nos recommandations et Pr\u00e9conisations.\t\t\t\t\t<\/p>\n\t\t\t\t\n\t\t\t<\/div>\n\t\t\t\n\t\t<\/div>\n\t\t\t\t\t\t<\/div>\n\t\t\t\t<\/div>\n\t\t\t\t\t<\/div>\n\t\t<\/div>\n\t\t\t\t\t<\/div>\n\t\t<\/section>\n\t\t\t\t\t<\/div>\n\t\t<\/div>\n\t\t\t\t\t<\/div>\n\t\t<\/section>\n\t\t\t\t<\/div>\n\t\t","protected":false},"excerpt":{"rendered":"<p>POSTES DE TRANSFORMATION HTA\/BT INSTALLATION ET MAINTENANCE \u00c9tudes, conseils, travaux, maintenance sur site et r\u00e9paration de poste de transformation haute et basse tension &#8211; huile ou sec. DNS POWER ELECTRIC Sp\u00e9cialiste du poste transformation \u00e9lectrique HTA\/BT, propose l&#8217;analyse et la r\u00e9vision des postes de transformation \u00e9lectrique sur site et en atelier pour les rendre conformes [&hellip;]<\/p>\n","protected":false},"author":1,"featured_media":0,"parent":0,"menu_order":0,"comment_status":"closed","ping_status":"closed","template":"","meta":{"footnotes":""},"class_list":["post-2980","page","type-page","status-publish","hentry"],"_links":{"self":[{"href":"https:\/\/dnspowerelec.com\/index.php?rest_route=\/wp\/v2\/pages\/2980","targetHints":{"allow":["GET"]}}],"collection":[{"href":"https:\/\/dnspowerelec.com\/index.php?rest_route=\/wp\/v2\/pages"}],"about":[{"href":"https:\/\/dnspowerelec.com\/index.php?rest_route=\/wp\/v2\/types\/page"}],"author":[{"embeddable":true,"href":"https:\/\/dnspowerelec.com\/index.php?rest_route=\/wp\/v2\/users\/1"}],"replies":[{"embeddable":true,"href":"https:\/\/dnspowerelec.com\/index.php?rest_route=%2Fwp%2Fv2%2Fcomments&post=2980"}],"version-history":[{"count":76,"href":"https:\/\/dnspowerelec.com\/index.php?rest_route=\/wp\/v2\/pages\/2980\/revisions"}],"predecessor-version":[{"id":3285,"href":"https:\/\/dnspowerelec.com\/index.php?rest_route=\/wp\/v2\/pages\/2980\/revisions\/3285"}],"wp:attachment":[{"href":"https:\/\/dnspowerelec.com\/index.php?rest_route=%2Fwp%2Fv2%2Fmedia&parent=2980"}],"curies":[{"name":"wp","href":"https:\/\/api.w.org\/{rel}","templated":true}]}}